{"id":391,"date":"2026-02-27T10:56:17","date_gmt":"2026-02-27T10:56:17","guid":{"rendered":"https:\/\/vocinelvento.it\/?page_id=391"},"modified":"2026-02-27T11:48:28","modified_gmt":"2026-02-27T11:48:28","slug":"fonti","status":"publish","type":"page","link":"https:\/\/vocinelvento.it\/?page_id=391","title":{"rendered":"Fonti"},"content":{"rendered":"\n<p>Le fonti costituiscono la base fondamentale per costruire un sistema in grado di comprendere e sintetizzare una lingua. L&#8217;analisi e l&#8217;esplorazione delle fonti disponibili, soprattutto gi\u00e0 in qualche modo digitalizzate \u00e8 stata una delle prime attivit\u00e0 intraprese durante il progetto e si \u00e8 rivelata anche quella pi\u00f9 complessa ed importante per ottenere buoni risultati in termini di qualit\u00e0 e contestualizzazione del linguaggio.<\/p>\n\n\n\n<p>In merito abbiamo studiato la estrazione dati da una importante opera romagnola, il <a href=\"https:\/\/vocinelvento.it\/?page_id=198\" data-type=\"page\" data-id=\"198\"><strong><mark style=\"background-color:rgba(0, 0, 0, 0);color:#8e3510\" class=\"has-inline-color\">vocabolario di Libero Ercolani<\/mark><\/strong><\/a>, del 1977.<\/p>\n\n\n\n<p>&#8230;<\/p>\n\n\n\n<p><\/p>\n","protected":false},"excerpt":{"rendered":"<p>Le fonti costituiscono la base fondamentale per costruire un sistema in grado di comprendere e sintetizzare una lingua. L&#8217;analisi e l&#8217;esplorazione delle fonti disponibili, soprattutto gi\u00e0 in qualche modo digitalizzate \u00e8 stata una delle prime attivit\u00e0 intraprese durante il progetto e si \u00e8 rivelata anche quella pi\u00f9 complessa ed importante per ottenere buoni risultati in [&hellip;]<\/p>\n","protected":false},"author":1,"featured_media":0,"parent":0,"menu_order":0,"comment_status":"closed","ping_status":"closed","template":"","meta":{"footnotes":""},"class_list":["post-391","page","type-page","status-publish","hentry"],"_links":{"self":[{"href":"https:\/\/vocinelvento.it\/index.php?rest_route=\/wp\/v2\/pages\/391","targetHints":{"allow":["GET"]}}],"collection":[{"href":"https:\/\/vocinelvento.it\/index.php?rest_route=\/wp\/v2\/pages"}],"about":[{"href":"https:\/\/vocinelvento.it\/index.php?rest_route=\/wp\/v2\/types\/page"}],"author":[{"embeddable":true,"href":"https:\/\/vocinelvento.it\/index.php?rest_route=\/wp\/v2\/users\/1"}],"replies":[{"embeddable":true,"href":"https:\/\/vocinelvento.it\/index.php?rest_route=%2Fwp%2Fv2%2Fcomments&post=391"}],"version-history":[{"count":3,"href":"https:\/\/vocinelvento.it\/index.php?rest_route=\/wp\/v2\/pages\/391\/revisions"}],"predecessor-version":[{"id":405,"href":"https:\/\/vocinelvento.it\/index.php?rest_route=\/wp\/v2\/pages\/391\/revisions\/405"}],"wp:attachment":[{"href":"https:\/\/vocinelvento.it\/index.php?rest_route=%2Fwp%2Fv2%2Fmedia&parent=391"}],"curies":[{"name":"wp","href":"https:\/\/api.w.org\/{rel}","templated":true}]}}